{"id":5232,"date":"2025-07-15T11:36:01","date_gmt":"2025-07-15T11:36:01","guid":{"rendered":"https:\/\/miguelangelperruquers.com\/sobre-nosotros\/"},"modified":"2025-09-24T18:21:46","modified_gmt":"2025-09-24T18:21:46","slug":"sobre-nosaltres","status":"publish","type":"page","link":"https:\/\/miguelangelperruquers.com\/ca\/sobre-nosaltres\/","title":{"rendered":"Sobre nosaltres"},"content":{"rendered":"<div class=\"wpb-content-wrapper\">[vc_section full_width=&#8221;stretch_row&#8221; css=&#8221;.vc_custom_1753437840177{padding-top: 80px !important;padding-bottom: 80px !important;background-color: #ffffff !important;}&#8221;][vc_row content_placement=&#8221;middle&#8221; column_spacing=&#8221;0px&#8221; gap=&#8221;35&#8243; equal_height=&#8221;yes&#8221; remove_bottom_col_margin=&#8221;true&#8221;][vc_column width=&#8221;1\/2&#8243;][vc_column_text css=&#8221;&#8221; el_class=&#8221;justificar&#8221;]<span style=\"font-weight: 400;\">Despr\u00e9s de finalitzar la meva formaci\u00f3 en perruqueria, vaig comen\u00e7ar la meva traject\u00f2ria professional de forma molt humil, habilitant una petita habitaci\u00f3 a casa de la meva mare com a sal\u00f3 improvisat. All\u00e0 atenia amics, amigues i ve\u00efns, la qual cosa em va permetre perfeccionar la meva t\u00e8cnica, guanyar experi\u00e8ncia i estalviar el necessari per obrir el meu primer sal\u00f3.<\/span><\/p>\n<p><span style=\"font-weight: 400;\">L&#8217;any <\/span><b>1996<\/b><span style=\"font-weight: 400;\"> vaig inaugurar el primer sal\u00f3 de <\/span><b>Miguel \u00c1ngel Perruquers<\/b><span style=\"font-weight: 400;\"> al <\/span><b>carrer Jaume I, n\u00famero 7 de Matar\u00f3<\/b><span style=\"font-weight: 400;\">. Durant els primers anys vaig treballar sol, fins que, gr\u00e0cies a la confian\u00e7a dels nostres primers clients, vaig poder contractar la meva primera oficiala, qui a dia d&#8217;avui segueix formant part de l&#8217;equip.<\/span><\/p>\n<p><span style=\"font-weight: 400;\">Durant aquesta etapa vam participar activament en el sector, realitzant presentacions de temporada per al gremi de perruqueria, desfilades i concursos. En dos d&#8217;aquests cert\u00e0mens vam obtenir importants reconeixements: vam ser  <\/span><b>campions de Catalunya<\/b><span style=\"font-weight: 400;\"> i vam obtenir el <\/span><b>quart premi a nivell nacional<\/b><span style=\"font-weight: 400;\">.<\/span><\/p>\n<p><span style=\"font-weight: 400;\">Amb el temps, l&#8217;equip va anar creixent amb la incorporaci\u00f3 de la meva esposa, que es va unir com a esteticista, ampliant aix\u00ed els serveis oferts al sal\u00f3.<\/span><\/p>\n<p><span style=\"font-weight: 400;\">L&#8217;any <\/span><b>2019<\/b><span style=\"font-weight: 400;\"> ens vam traslladar a la nostra ubicaci\u00f3 actual, a l&#8217;<\/span><b>Avinguda Puig i Cadafalch, 136 de Matar\u00f3<\/b><span style=\"font-weight: 400;\">, una zona molt m\u00e9s transitada i visible. Aquest canvi ens va permetre no nom\u00e9s conservar la clientela habitual, sin\u00f3 tamb\u00e9 arribar a moltes persones noves que han dipositat la seva confian\u00e7a en nosaltres.<\/span><\/p>\n<p><span style=\"font-weight: 400;\">Actualment, a <\/span><b>Miguel \u00c1ngel Perruquers<\/b><span style=\"font-weight: 400;\"> som un equip de <\/span><b>tres professionals<\/b><span style=\"font-weight: 400;\"> que treballem amb passi\u00f3, dedicaci\u00f3 i un ferm comprom\u00eds amb la qualitat, el benestar i la satisfacci\u00f3 de cada persona que entra al nostre sal\u00f3.<\/span><br \/>\nActualment, a Miguel \u00c1ngel Perruquers som un equip de tres professionals que treballem amb passi\u00f3, dedicaci\u00f3 i un ferm comprom\u00eds amb la qualitat, el benestar i la satisfacci\u00f3 de cada persona que entra al nostre sal\u00f3.[\/vc_column_text][\/vc_column][vc_column width=&#8221;1\/2&#8243; min_height=&#8221;450px&#8221; css=&#8221;.vc_custom_1753443590799{background-image: url(https:\/\/miguelangelperruquers.com\/wp-content\/uploads\/2025\/07\/ima-about-1.jpg?id=5090) !important;background-position: center !important;background-repeat: no-repeat !important;background-size: cover !important;}&#8221;][\/vc_column][\/vc_row][\/vc_section][vc_row remove_bottom_col_margin=&#8221;true&#8221;][vc_column]<div class=\"templatera_shortcode\"><style type=\"text\/css\" data-type=\"vc_shortcodes-custom-css\">.vc_custom_1752658962197{padding-top: 50px !important;padding-bottom: 50px !important;background-color: #f6f6f6 !important;border-color: #ededed !important;}.vc_custom_1752658974234{padding-top: 50px !important;padding-bottom: 50px !important;background-color: #f6f6f6 !important;border-color: #ededed !important;}<\/style><div class=\"vc_row wpb_row vc_row-fluid vc_custom_1752658962197 vc_row-o-content-middle vc_row-flex wpex-vc-full-width-row wpex-vc-full-width-row--centered wpex-relative wpex-vc_row-has-fill hidden-phone no-bottom-margins wpex-vc-reset-negative-margin wpex-parallax-bg-wrap\"><div class=\"wpb_column vc_column_container vc_col-sm-8\"><div class=\"vc_column-inner\"><div class=\"wpb_wrapper\"><style>.vcex-heading.vcex_69e620c014bdb{font-size:32px;font-weight:300;text-transform:uppercase;}<\/style><div class=\"vcex-heading vcex-heading-plain vcex-module wpex-heading wpex-text-2xl wpex-mb-10 wpex-text-left vcex_69e620c014bdb\"><span class=\"vcex-heading-inner wpex-inline-block\">Renova el teu estil avui<\/span><\/div>\n\t<div style=\"color:var(--wpex-palette-4733-color);font-size:18px;font-weight:300;text-align:start;line-height:24px;\" class=\"wpb_text_column has-custom-color wpex-child-inherit-color wpb_content_element\" >\n\t\t<div class=\"wpb_wrapper\">\n\t\t\t<p>Descobreix un <strong>servei personalitzat per a ressaltar el millor de tu<\/strong>. Deixa't cuidar per mans expertes i viu una experi\u00e8ncia \u00fanica.<\/p>\n\n\t\t<\/div>\n\t<\/div>\n<\/div><\/div><\/div><div class=\"wpb_column vc_column_container vc_col-sm-4\"><div class=\"vc_column-inner\"><div class=\"wpb_wrapper\"><style>.vcex-button.vcex_69e620c0176c0{background:var(--wpex-palette-4733-color);color:var(--wpex-palette-4731-color)!important;font-size:16px;font-weight:300;text-transform:uppercase;}.vcex-button.vcex_69e620c0176c0:hover{background:var(--wpex-palette-4730-color)!important;color:var(--wpex-palette-4733-color)!important;}<\/style><div class=\"theme-button-wrap textcenter wpex-clr\"><a href=\"#\" class=\"vcex-button theme-button align-center inline popup-reservar vcex_69e620c0176c0\" title=\"Pide tu cita\"><span class=\"vcex-button-inner theme-button-inner wpex-flex wpex-flex-wrap wpex-items-center wpex-justify-center\"><span class=\"vcex-button-icon vcex-icon-wrap theme-button-icon-left\"><span class=\"wpex-icon\" aria-hidden=\"true\"><svg xmlns=\"http:\/\/www.w3.org\/2000\/svg\" viewBox=\"0 0 448 512\"><path d=\"M152 24c0-13.3-10.7-24-24-24s-24 10.7-24 24V64H64C28.7 64 0 92.7 0 128v16 48V448c0 35.3 28.7 64 64 64H384c35.3 0 64-28.7 64-64V192 144 128c0-35.3-28.7-64-64-64H344V24c0-13.3-10.7-24-24-24s-24 10.7-24 24V64H152V24zM48 192H400V448c0 8.8-7.2 16-16 16H64c-8.8 0-16-7.2-16-16V192z\"\/><\/svg><\/span><\/span>Demana cita<span class=\"vcex-button-icon vcex-icon-wrap theme-button-icon-right\"><span class=\"wpex-icon wpex-icon--bidi\" aria-hidden=\"true\"><svg xmlns=\"http:\/\/www.w3.org\/2000\/svg\" viewBox=\"0 0 320 512\"><path d=\"M278.6 233.4c12.5 12.5 12.5 32.8 0 45.3l-160 160c-12.5 12.5-32.8 12.5-45.3 0s-12.5-32.8 0-45.3L210.7 256 73.4 118.6c-12.5-12.5-12.5-32.8 0-45.3s32.8-12.5 45.3 0l160 160z\"\/><\/svg><\/span><\/span><\/span><\/a><\/div> <\/div><\/div><\/div><\/div><div class=\"vc_row wpb_row vc_row-fluid vc_custom_1752658974234 vc_row-o-content-middle vc_row-flex wpex-vc-full-width-row wpex-vc-full-width-row--centered wpex-relative wpex-vc_row-has-fill visible-phone no-bottom-margins wpex-vc-reset-negative-margin wpex-parallax-bg-wrap\"><div class=\"wpb_column vc_column_container vc_col-sm-12\"><div class=\"vc_column-inner\"><div class=\"wpb_wrapper\"><style>.vcex-heading.vcex_69e620c019506{font-size:32px;font-weight:300;text-transform:uppercase;}<\/style><div class=\"vcex-heading vcex-heading-plain vcex-module wpex-heading wpex-text-2xl wpex-mb-10 wpex-text-center vcex_69e620c019506\"><span class=\"vcex-heading-inner wpex-inline-block\">Renova el teu estil avui<\/span><\/div>\n\t<div style=\"color:var(--wpex-palette-4733-color);font-size:18px;font-weight:300;text-align:center;line-height:24px;width:600px;\" class=\"wpb_text_column has-custom-color wpex-child-inherit-color wpex-max-w-100 wpex-mx-auto wpb_content_element\" >\n\t\t<div class=\"wpb_wrapper\">\n\t\t\t<p>Descobreix un <strong>servei personalitzat per a ressaltar el millor de tu<\/strong>. Deixa't cuidar per mans expertes i viu una experi\u00e8ncia \u00fanica.<\/p>\n\n\t\t<\/div>\n\t<\/div>\n<style>.vcex-button.vcex_69e620c01ad41{background:var(--wpex-palette-4733-color);color:var(--wpex-palette-4731-color)!important;margin-block-start:25px;font-size:16px;font-weight:300;text-transform:uppercase;}.vcex-button.vcex_69e620c01ad41:hover{background:var(--wpex-palette-4730-color)!important;color:var(--wpex-palette-4733-color)!important;}<\/style><div class=\"theme-button-wrap textcenter wpex-clr\"><a href=\"#\" class=\"vcex-button theme-button align-center inline popup-reservar vcex_69e620c01ad41\" title=\"Pide tu cita\"><span class=\"vcex-button-inner theme-button-inner wpex-flex wpex-flex-wrap wpex-items-center wpex-justify-center\"><span class=\"vcex-button-icon vcex-icon-wrap theme-button-icon-left\"><span class=\"wpex-icon\" aria-hidden=\"true\"><svg xmlns=\"http:\/\/www.w3.org\/2000\/svg\" viewBox=\"0 0 448 512\"><path d=\"M152 24c0-13.3-10.7-24-24-24s-24 10.7-24 24V64H64C28.7 64 0 92.7 0 128v16 48V448c0 35.3 28.7 64 64 64H384c35.3 0 64-28.7 64-64V192 144 128c0-35.3-28.7-64-64-64H344V24c0-13.3-10.7-24-24-24s-24 10.7-24 24V64H152V24zM48 192H400V448c0 8.8-7.2 16-16 16H64c-8.8 0-16-7.2-16-16V192z\"\/><\/svg><\/span><\/span>Demana cita<span class=\"vcex-button-icon vcex-icon-wrap theme-button-icon-right\"><span class=\"wpex-icon wpex-icon--bidi\" aria-hidden=\"true\"><svg xmlns=\"http:\/\/www.w3.org\/2000\/svg\" viewBox=\"0 0 320 512\"><path d=\"M278.6 233.4c12.5 12.5 12.5 32.8 0 45.3l-160 160c-12.5 12.5-32.8 12.5-45.3 0s-12.5-32.8 0-45.3L210.7 256 73.4 118.6c-12.5-12.5-12.5-32.8 0-45.3s32.8-12.5 45.3 0l160 160z\"\/><\/svg><\/span><\/span><\/span><\/a><\/div> <\/div><\/div><\/div><\/div><\/div>[\/vc_column][\/vc_row]\n<\/div>","protected":false},"excerpt":{"rendered":"Despr\u00e9s de finalitzar la meva formaci\u00f3 en perruqueria, vaig comen\u00e7ar la meva traject\u00f2ria professional de forma molt humil, habilitant una petita habitaci\u00f3 a casa de la meva mare com a sal\u00f3 improvisat. All\u00e0 atenia amics, amigues i ve\u00efns, la qual cosa em va permetre perfeccionar la meva t\u00e8cnica, guanyar experi\u00e8ncia i estalviar el necessari per&hellip;","protected":false},"author":1,"featured_media":0,"parent":0,"menu_order":0,"comment_status":"closed","ping_status":"closed","template":"","meta":{"footnotes":""},"class_list":["post-5232","page","type-page","status-publish","hentry","entry","no-media"],"yoast_head":"<!-- This site is optimized with the Yoast SEO plugin v25.8 - https:\/\/yoast.com\/wordpress\/plugins\/seo\/ -->\n<title>Sobre nosaltres - Miguel \u00c1ngel Perruquers<\/title>\n<meta name=\"robots\" content=\"index, follow, max-snippet:-1, max-image-preview:large, max-video-preview:-1\" \/>\n<link rel=\"canonical\" href=\"https:\/\/miguelangelperruquers.com\/ca\/sobre-nosaltres\/\" \/>\n<meta property=\"og:locale\" content=\"ca_ES\" \/>\n<meta property=\"og:type\" content=\"article\" \/>\n<meta property=\"og:title\" content=\"Sobre nosaltres - Miguel \u00c1ngel Perruquers\" \/>\n<meta property=\"og:url\" content=\"https:\/\/miguelangelperruquers.com\/ca\/sobre-nosaltres\/\" \/>\n<meta property=\"og:site_name\" content=\"Miguel \u00c1ngel Perruquers\" \/>\n<meta property=\"article:modified_time\" content=\"2025-09-24T18:21:46+00:00\" \/>\n<meta name=\"twitter:card\" content=\"summary_large_image\" \/>\n<meta name=\"twitter:label1\" content=\"Temps estimat de lectura\" \/>\n\t<meta name=\"twitter:data1\" content=\"2 minuts\" \/>\n<script type=\"application\/ld+json\" class=\"yoast-schema-graph\">{\"@context\":\"https:\/\/schema.org\",\"@graph\":[{\"@type\":\"WebPage\",\"@id\":\"https:\/\/miguelangelperruquers.com\/ca\/sobre-nosaltres\/\",\"url\":\"https:\/\/miguelangelperruquers.com\/ca\/sobre-nosaltres\/\",\"name\":\"Sobre nosaltres - Miguel \u00c1ngel Perruquers\",\"isPartOf\":{\"@id\":\"https:\/\/miguelangelperruquers.com\/#website\"},\"datePublished\":\"2025-07-15T11:36:01+00:00\",\"dateModified\":\"2025-09-24T18:21:46+00:00\",\"breadcrumb\":{\"@id\":\"https:\/\/miguelangelperruquers.com\/ca\/sobre-nosaltres\/#breadcrumb\"},\"inLanguage\":\"ca\",\"potentialAction\":[{\"@type\":\"ReadAction\",\"target\":[\"https:\/\/miguelangelperruquers.com\/ca\/sobre-nosaltres\/\"]}]},{\"@type\":\"BreadcrumbList\",\"@id\":\"https:\/\/miguelangelperruquers.com\/ca\/sobre-nosaltres\/#breadcrumb\",\"itemListElement\":[{\"@type\":\"ListItem\",\"position\":1,\"name\":\"Home\",\"item\":\"https:\/\/miguelangelperruquers.com\/ca\/\"},{\"@type\":\"ListItem\",\"position\":2,\"name\":\"Sobre nosaltres\"}]},{\"@type\":\"WebSite\",\"@id\":\"https:\/\/miguelangelperruquers.com\/#website\",\"url\":\"https:\/\/miguelangelperruquers.com\/\",\"name\":\"Miguel \u00c1ngel Perruquers\",\"description\":\"Cetrex new project\",\"potentialAction\":[{\"@type\":\"SearchAction\",\"target\":{\"@type\":\"EntryPoint\",\"urlTemplate\":\"https:\/\/miguelangelperruquers.com\/?s={search_term_string}\"},\"query-input\":{\"@type\":\"PropertyValueSpecification\",\"valueRequired\":true,\"valueName\":\"search_term_string\"}}],\"inLanguage\":\"ca\"}]}<\/script>\n<!-- \/ Yoast SEO plugin. -->","yoast_head_json":{"title":"Sobre nosaltres - Miguel \u00c1ngel Perruquers","robots":{"index":"index","follow":"follow","max-snippet":"max-snippet:-1","max-image-preview":"max-image-preview:large","max-video-preview":"max-video-preview:-1"},"canonical":"https:\/\/miguelangelperruquers.com\/ca\/sobre-nosaltres\/","og_locale":"ca_ES","og_type":"article","og_title":"Sobre nosaltres - Miguel \u00c1ngel Perruquers","og_url":"https:\/\/miguelangelperruquers.com\/ca\/sobre-nosaltres\/","og_site_name":"Miguel \u00c1ngel Perruquers","article_modified_time":"2025-09-24T18:21:46+00:00","twitter_card":"summary_large_image","twitter_misc":{"Temps estimat de lectura":"2 minuts"},"schema":{"@context":"https:\/\/schema.org","@graph":[{"@type":"WebPage","@id":"https:\/\/miguelangelperruquers.com\/ca\/sobre-nosaltres\/","url":"https:\/\/miguelangelperruquers.com\/ca\/sobre-nosaltres\/","name":"Sobre nosaltres - Miguel \u00c1ngel Perruquers","isPartOf":{"@id":"https:\/\/miguelangelperruquers.com\/#website"},"datePublished":"2025-07-15T11:36:01+00:00","dateModified":"2025-09-24T18:21:46+00:00","breadcrumb":{"@id":"https:\/\/miguelangelperruquers.com\/ca\/sobre-nosaltres\/#breadcrumb"},"inLanguage":"ca","potentialAction":[{"@type":"ReadAction","target":["https:\/\/miguelangelperruquers.com\/ca\/sobre-nosaltres\/"]}]},{"@type":"BreadcrumbList","@id":"https:\/\/miguelangelperruquers.com\/ca\/sobre-nosaltres\/#breadcrumb","itemListElement":[{"@type":"ListItem","position":1,"name":"Home","item":"https:\/\/miguelangelperruquers.com\/ca\/"},{"@type":"ListItem","position":2,"name":"Sobre nosaltres"}]},{"@type":"WebSite","@id":"https:\/\/miguelangelperruquers.com\/#website","url":"https:\/\/miguelangelperruquers.com\/","name":"Miguel \u00c1ngel Perruquers","description":"Cetrex new project","potentialAction":[{"@type":"SearchAction","target":{"@type":"EntryPoint","urlTemplate":"https:\/\/miguelangelperruquers.com\/?s={search_term_string}"},"query-input":{"@type":"PropertyValueSpecification","valueRequired":true,"valueName":"search_term_string"}}],"inLanguage":"ca"}]}},"_links":{"self":[{"href":"https:\/\/miguelangelperruquers.com\/ca\/wp-json\/wp\/v2\/pages\/5232","targetHints":{"allow":["GET"]}}],"collection":[{"href":"https:\/\/miguelangelperruquers.com\/ca\/wp-json\/wp\/v2\/pages"}],"about":[{"href":"https:\/\/miguelangelperruquers.com\/ca\/wp-json\/wp\/v2\/types\/page"}],"author":[{"embeddable":true,"href":"https:\/\/miguelangelperruquers.com\/ca\/wp-json\/wp\/v2\/users\/1"}],"replies":[{"embeddable":true,"href":"https:\/\/miguelangelperruquers.com\/ca\/wp-json\/wp\/v2\/comments?post=5232"}],"version-history":[{"count":14,"href":"https:\/\/miguelangelperruquers.com\/ca\/wp-json\/wp\/v2\/pages\/5232\/revisions"}],"predecessor-version":[{"id":5286,"href":"https:\/\/miguelangelperruquers.com\/ca\/wp-json\/wp\/v2\/pages\/5232\/revisions\/5286"}],"wp:attachment":[{"href":"https:\/\/miguelangelperruquers.com\/ca\/wp-json\/wp\/v2\/media?parent=5232"}],"curies":[{"name":"wp","href":"https:\/\/api.w.org\/{rel}","templated":true}]}}